{"id":5123,"date":"2021-05-20T12:31:27","date_gmt":"2021-05-20T11:31:27","guid":{"rendered":"https:\/\/www.wearetipjar.com\/kontakt\/"},"modified":"2023-10-24T09:45:23","modified_gmt":"2023-10-24T08:45:23","slug":"kontakt","status":"publish","type":"page","link":"https:\/\/www.wearetipjar.com\/de\/kontakt\/","title":{"rendered":"Kontakt"},"content":{"rendered":"\t\t<div data-elementor-type=\"wp-page\" data-elementor-id=\"5123\" class=\"elementor elementor-5123\" data-elementor-post-type=\"page\">\n\t\t\t\t\t\t<section class=\"elementor-section elementor-top-section elementor-element elementor-element-c26f011 elementor-section-boxed elementor-section-height-default elementor-section-height-default\" data-id=\"c26f011\" data-element_type=\"section\" data-settings=\"{&quot;ekit_has_onepagescroll_dot&quot;:&quot;yes&quot;}\">\n\t\t\t\t\t\t<div class=\"elementor-container elementor-column-gap-default\">\n\t\t\t\t\t<div class=\"elementor-column elementor-col-16 elementor-top-column elementor-element elementor-element-5f7b17d\" data-id=\"5f7b17d\" data-element_type=\"column\">\n\t\t\t<div class=\"elementor-widget-wrap\">\n\t\t\t\t\t\t\t<\/div>\n\t\t<\/div>\n\t\t\t\t<div class=\"elementor-column elementor-col-66 elementor-top-column elementor-element elementor-element-931a381\" data-id=\"931a381\" data-element_type=\"column\">\n\t\t\t<div class=\"elementor-widget-wrap elementor-element-populated\">\n\t\t\t\t\t\t<div class=\"elementor-element elementor-element-bc02298 elementor-widget elementor-widget-text-editor\" data-id=\"bc02298\" data-element_type=\"widget\" data-settings=\"{&quot;ekit_we_effect_on&quot;:&quot;none&quot;}\" data-widget_type=\"text-editor.default\">\n\t\t\t\t<div class=\"elementor-widget-container\">\n\t\t\t\t\t\t\t\t\t<p>Bist du Betreiber mehrerer Standorte? Du hast noch Fragen oder bist dir nicht ganz sicher, wie TiPJAR f\u00fcr dein Team funktionieren k\u00f6nnte? Lass es uns wissen, indem du das untenstehende Formular ausf\u00fcllst &amp; wir werden uns so schnell wie m\u00f6glich bei dir melden!<\/p>\n<p>Du bist ein TiPJAR-Mitglied und suchst Hilfe? Mit dem unten stehenden Formular erreichst du unser Support-Team nicht, aber du kannst dir unsere FAQs f\u00fcr <a href=\"https:\/\/www.wearetipjar.com\/customer-faq\/\">Kunden<\/a> oder <a href=\"https:\/\/www.wearetipjar.com\/personal\/faq\/\">Privatanwender<\/a> ansehen.<\/p>\n\t\t\t\t\t\t\t\t<\/div>\n\t\t\t\t<\/div>\n\t\t\t\t<div class=\"elementor-element elementor-element-5a99b15 elementor-widget elementor-widget-html\" data-id=\"5a99b15\" data-element_type=\"widget\" data-settings=\"{&quot;ekit_we_effect_on&quot;:&quot;none&quot;}\" data-widget_type=\"html.default\">\n\t\t\t\t<div class=\"elementor-widget-container\">\n\t\t\t\t\t<script type=\"text\/javascript\" src=\"https:\/\/s3.amazonaws.com\/assets.freshdesk.com\/widget\/freshwidget.js\"><\/script>\n<style type=\"text\/css\" media=\"screen, projection\">\n\t@import url(https:\/\/s3.amazonaws.com\/assets.freshdesk.com\/widget\/freshwidget.css); \n<\/style> \n<iframe title=\"Feedback Form\" class=\"freshwidget-embedded-form\" id=\"freshwidget-embedded-form\" src=\"https:\/\/tipjar.freshdesk.com\/widgets\/feedback_widget\/new?&widgetType=embedded\" scrolling=\"no\" height=\"500px\" width=\"100%\" frameborder=\"0\" >\n<\/iframe>\t\t\t\t<\/div>\n\t\t\t\t<\/div>\n\t\t\t\t<div class=\"elementor-element elementor-element-ef944b7 elementor-widget elementor-widget-template\" data-id=\"ef944b7\" data-element_type=\"widget\" data-settings=\"{&quot;ekit_we_effect_on&quot;:&quot;none&quot;}\" data-widget_type=\"template.default\">\n\t\t\t\t<div class=\"elementor-widget-container\">\n\t\t\t\t\t\t\t<div class=\"elementor-template\">\n\t\t\t\t\t<div data-elementor-type=\"section\" data-elementor-id=\"1282\" class=\"elementor elementor-1282\" data-elementor-post-type=\"elementor_library\">\n\t\t\t\t\t<section class=\"elementor-section elementor-top-section elementor-element elementor-element-bfa12e0 elementor-section-boxed elementor-section-height-default elementor-section-height-default\" data-id=\"bfa12e0\" data-element_type=\"section\" data-settings=\"{&quot;ekit_has_onepagescroll_dot&quot;:&quot;yes&quot;}\">\n\t\t\t\t\t\t<div class=\"elementor-container elementor-column-gap-default\">\n\t\t\t\t\t<div class=\"elementor-column elementor-col-100 elementor-top-column elementor-element elementor-element-fb28d16\" data-id=\"fb28d16\" data-element_type=\"column\">\n\t\t\t<div class=\"elementor-widget-wrap elementor-element-populated\">\n\t\t\t\t\t\t<div class=\"elementor-element elementor-element-417bee0 elementor-widget elementor-widget-spacer\" data-id=\"417bee0\" data-element_type=\"widget\" data-settings=\"{&quot;ekit_we_effect_on&quot;:&quot;none&quot;}\" data-widget_type=\"spacer.default\">\n\t\t\t\t<div class=\"elementor-widget-container\">\n\t\t\t\t\t\t\t<div class=\"elementor-spacer\">\n\t\t\t<div class=\"elementor-spacer-inner\"><\/div>\n\t\t<\/div>\n\t\t\t\t\t\t<\/div>\n\t\t\t\t<\/div>\n\t\t\t\t\t<\/div>\n\t\t<\/div>\n\t\t\t\t\t<\/div>\n\t\t<\/section>\n\t\t\t\t<\/div>\n\t\t\t\t<\/div>\n\t\t\t\t\t\t<\/div>\n\t\t\t\t<\/div>\n\t\t\t\t\t<\/div>\n\t\t<\/div>\n\t\t\t\t<div class=\"elementor-column elementor-col-16 elementor-top-column elementor-element elementor-element-eecd244\" data-id=\"eecd244\" data-element_type=\"column\">\n\t\t\t<div class=\"elementor-widget-wrap\">\n\t\t\t\t\t\t\t<\/div>\n\t\t<\/div>\n\t\t\t\t\t<\/div>\n\t\t<\/section>\n\t\t\t\t<\/div>\n\t\t","protected":false},"excerpt":{"rendered":"<p>Bist du Betreiber mehrerer Standorte? Du hast noch Fragen oder bist dir nicht ganz sicher, wie TiPJAR f\u00fcr dein Team funktionieren k\u00f6nnte? Lass es uns wissen, indem du das untenstehende Formular ausf\u00fcllst &amp; wir werden uns so schnell wie m\u00f6glich bei dir melden! Du bist ein TiPJAR-Mitglied und suchst Hilfe? Mit dem unten stehenden Formular [&hellip;]<\/p>\n","protected":false},"author":2,"featured_media":0,"parent":0,"menu_order":0,"comment_status":"closed","ping_status":"closed","template":"","meta":{"footnotes":""},"class_list":["post-5123","page","type-page","status-publish","hentry"],"yoast_head":"<!-- This site is optimized with the Yoast SEO plugin v27.5 - https:\/\/yoast.com\/product\/yoast-seo-wordpress\/ -->\n<title>Kontakt - TiPJAR \u2013 German<\/title>\n<meta name=\"description\" content=\"TiPJAR is the UK&#039;s leading cashless tipping platform, on a mission to help tipped workers across the globe earn more, fairly and transparently. \u2013 German\" \/>\n<meta name=\"robots\" content=\"index, follow, max-snippet:-1, max-image-preview:large, max-video-preview:-1\" \/>\n<link rel=\"canonical\" href=\"https:\/\/www.wearetipjar.com\/de\/kontakt\/\" \/>\n<meta property=\"og:locale\" content=\"de_DE\" \/>\n<meta property=\"og:type\" content=\"article\" \/>\n<meta property=\"og:title\" content=\"Kontakt - TiPJAR\" \/>\n<meta property=\"og:description\" content=\"TiPJAR is the UK&#039;s leading cashless tipping platform, on a mission to help tipped workers across the globe earn more, fairly and transparently.\" \/>\n<meta property=\"og:url\" content=\"https:\/\/www.wearetipjar.com\/de\/kontakt\/\" \/>\n<meta property=\"og:site_name\" content=\"TiPJAR\" \/>\n<meta property=\"article:modified_time\" content=\"2023-10-24T08:45:23+00:00\" \/>\n<meta property=\"og:image\" content=\"https:\/\/www.wearetipjar.com\/wp-content\/uploads\/social.jpg\" \/>\n\t<meta property=\"og:image:width\" content=\"1200\" \/>\n\t<meta property=\"og:image:height\" content=\"630\" \/>\n\t<meta property=\"og:image:type\" content=\"image\/jpeg\" \/>\n<meta name=\"twitter:card\" content=\"summary_large_image\" \/>\n<meta name=\"twitter:label1\" content=\"Gesch\u00e4tzte Lesezeit\" \/>\n\t<meta name=\"twitter:data1\" content=\"1\u00a0Minute\" \/>\n<script type=\"application\/ld+json\" class=\"yoast-schema-graph\">{\"@context\":\"https:\\\/\\\/schema.org\",\"@graph\":[{\"@type\":\"WebPage\",\"@id\":\"https:\\\/\\\/www.wearetipjar.com\\\/de\\\/kontakt\\\/\",\"url\":\"https:\\\/\\\/www.wearetipjar.com\\\/de\\\/kontakt\\\/\",\"name\":\"Kontakt - TiPJAR\",\"isPartOf\":{\"@id\":\"https:\\\/\\\/www.wearetipjar.com\\\/#website\"},\"datePublished\":\"2021-05-20T11:31:27+00:00\",\"dateModified\":\"2023-10-24T08:45:23+00:00\",\"description\":\"TiPJAR is the UK's leading cashless tipping platform, on a mission to help tipped workers across the globe earn more, fairly and transparently.\",\"breadcrumb\":{\"@id\":\"https:\\\/\\\/www.wearetipjar.com\\\/de\\\/kontakt\\\/#breadcrumb\"},\"inLanguage\":\"de\",\"potentialAction\":[{\"@type\":\"ReadAction\",\"target\":[\"https:\\\/\\\/www.wearetipjar.com\\\/de\\\/kontakt\\\/\"]}]},{\"@type\":\"BreadcrumbList\",\"@id\":\"https:\\\/\\\/www.wearetipjar.com\\\/de\\\/kontakt\\\/#breadcrumb\",\"itemListElement\":[{\"@type\":\"ListItem\",\"position\":1,\"name\":\"Home\",\"item\":\"https:\\\/\\\/www.wearetipjar.com\\\/\"},{\"@type\":\"ListItem\",\"position\":2,\"name\":\"Kontakt\"}]},{\"@type\":\"WebSite\",\"@id\":\"https:\\\/\\\/www.wearetipjar.com\\\/#website\",\"url\":\"https:\\\/\\\/www.wearetipjar.com\\\/\",\"name\":\"TiPJAR\",\"description\":\"Fair, direct and transparent cashless tipping\",\"publisher\":{\"@id\":\"https:\\\/\\\/www.wearetipjar.com\\\/#organization\"},\"potentialAction\":[{\"@type\":\"SearchAction\",\"target\":{\"@type\":\"EntryPoint\",\"urlTemplate\":\"https:\\\/\\\/www.wearetipjar.com\\\/?s={search_term_string}\"},\"query-input\":{\"@type\":\"PropertyValueSpecification\",\"valueRequired\":true,\"valueName\":\"search_term_string\"}}],\"inLanguage\":\"de\"},{\"@type\":\"Organization\",\"@id\":\"https:\\\/\\\/www.wearetipjar.com\\\/#organization\",\"name\":\"TiPJAR\u00ae\",\"url\":\"https:\\\/\\\/www.wearetipjar.com\\\/\",\"logo\":{\"@type\":\"ImageObject\",\"inLanguage\":\"de\",\"@id\":\"https:\\\/\\\/www.wearetipjar.com\\\/#\\\/schema\\\/logo\\\/image\\\/\",\"url\":\"https:\\\/\\\/www.wearetipjar.com\\\/wp-content\\\/uploads\\\/Social-Logos-3-2.png\",\"contentUrl\":\"https:\\\/\\\/www.wearetipjar.com\\\/wp-content\\\/uploads\\\/Social-Logos-3-2.png\",\"width\":500,\"height\":500,\"caption\":\"TiPJAR\u00ae\"},\"image\":{\"@id\":\"https:\\\/\\\/www.wearetipjar.com\\\/#\\\/schema\\\/logo\\\/image\\\/\"}}]}<\/script>\n<!-- \/ Yoast SEO plugin. -->","yoast_head_json":{"title":"Kontakt - TiPJAR \u2013 German","description":"TiPJAR is the UK's leading cashless tipping platform, on a mission to help tipped workers across the globe earn more, fairly and transparently. \u2013 German","robots":{"index":"index","follow":"follow","max-snippet":"max-snippet:-1","max-image-preview":"max-image-preview:large","max-video-preview":"max-video-preview:-1"},"canonical":"https:\/\/www.wearetipjar.com\/de\/kontakt\/","og_locale":"de_DE","og_type":"article","og_title":"Kontakt - TiPJAR","og_description":"TiPJAR is the UK's leading cashless tipping platform, on a mission to help tipped workers across the globe earn more, fairly and transparently.","og_url":"https:\/\/www.wearetipjar.com\/de\/kontakt\/","og_site_name":"TiPJAR","article_modified_time":"2023-10-24T08:45:23+00:00","og_image":[{"width":1200,"height":630,"url":"https:\/\/www.wearetipjar.com\/wp-content\/uploads\/social.jpg","type":"image\/jpeg"}],"twitter_card":"summary_large_image","twitter_misc":{"Gesch\u00e4tzte Lesezeit":"1\u00a0Minute"},"schema":{"@context":"https:\/\/schema.org","@graph":[{"@type":"WebPage","@id":"https:\/\/www.wearetipjar.com\/de\/kontakt\/","url":"https:\/\/www.wearetipjar.com\/de\/kontakt\/","name":"Kontakt - TiPJAR","isPartOf":{"@id":"https:\/\/www.wearetipjar.com\/#website"},"datePublished":"2021-05-20T11:31:27+00:00","dateModified":"2023-10-24T08:45:23+00:00","description":"TiPJAR is the UK's leading cashless tipping platform, on a mission to help tipped workers across the globe earn more, fairly and transparently.","breadcrumb":{"@id":"https:\/\/www.wearetipjar.com\/de\/kontakt\/#breadcrumb"},"inLanguage":"de","potentialAction":[{"@type":"ReadAction","target":["https:\/\/www.wearetipjar.com\/de\/kontakt\/"]}]},{"@type":"BreadcrumbList","@id":"https:\/\/www.wearetipjar.com\/de\/kontakt\/#breadcrumb","itemListElement":[{"@type":"ListItem","position":1,"name":"Home","item":"https:\/\/www.wearetipjar.com\/"},{"@type":"ListItem","position":2,"name":"Kontakt"}]},{"@type":"WebSite","@id":"https:\/\/www.wearetipjar.com\/#website","url":"https:\/\/www.wearetipjar.com\/","name":"TiPJAR","description":"Fair, direct and transparent cashless tipping","publisher":{"@id":"https:\/\/www.wearetipjar.com\/#organization"},"potentialAction":[{"@type":"SearchAction","target":{"@type":"EntryPoint","urlTemplate":"https:\/\/www.wearetipjar.com\/?s={search_term_string}"},"query-input":{"@type":"PropertyValueSpecification","valueRequired":true,"valueName":"search_term_string"}}],"inLanguage":"de"},{"@type":"Organization","@id":"https:\/\/www.wearetipjar.com\/#organization","name":"TiPJAR\u00ae","url":"https:\/\/www.wearetipjar.com\/","logo":{"@type":"ImageObject","inLanguage":"de","@id":"https:\/\/www.wearetipjar.com\/#\/schema\/logo\/image\/","url":"https:\/\/www.wearetipjar.com\/wp-content\/uploads\/Social-Logos-3-2.png","contentUrl":"https:\/\/www.wearetipjar.com\/wp-content\/uploads\/Social-Logos-3-2.png","width":500,"height":500,"caption":"TiPJAR\u00ae"},"image":{"@id":"https:\/\/www.wearetipjar.com\/#\/schema\/logo\/image\/"}}]}},"_links":{"self":[{"href":"https:\/\/www.wearetipjar.com\/de\/wp-json\/wp\/v2\/pages\/5123","targetHints":{"allow":["GET"]}}],"collection":[{"href":"https:\/\/www.wearetipjar.com\/de\/wp-json\/wp\/v2\/pages"}],"about":[{"href":"https:\/\/www.wearetipjar.com\/de\/wp-json\/wp\/v2\/types\/page"}],"author":[{"embeddable":true,"href":"https:\/\/www.wearetipjar.com\/de\/wp-json\/wp\/v2\/users\/2"}],"replies":[{"embeddable":true,"href":"https:\/\/www.wearetipjar.com\/de\/wp-json\/wp\/v2\/comments?post=5123"}],"version-history":[{"count":7,"href":"https:\/\/www.wearetipjar.com\/de\/wp-json\/wp\/v2\/pages\/5123\/revisions"}],"predecessor-version":[{"id":21198,"href":"https:\/\/www.wearetipjar.com\/de\/wp-json\/wp\/v2\/pages\/5123\/revisions\/21198"}],"wp:attachment":[{"href":"https:\/\/www.wearetipjar.com\/de\/wp-json\/wp\/v2\/media?parent=5123"}],"curies":[{"name":"wp","href":"https:\/\/api.w.org\/{rel}","templated":true}]}}