{"id":5966,"date":"2021-06-08T11:38:11","date_gmt":"2021-06-08T10:38:11","guid":{"rendered":"https:\/\/www.wearetipjar.com\/trabaja-para-nosotros\/"},"modified":"2021-06-08T12:00:44","modified_gmt":"2021-06-08T11:00:44","slug":"trabaja-para-nosotros","status":"publish","type":"page","link":"https:\/\/www.wearetipjar.com\/es\/trabaja-para-nosotros\/","title":{"rendered":"Trabaja Para Nosotros"},"content":{"rendered":"\t\t<div data-elementor-type=\"wp-page\" data-elementor-id=\"5966\" class=\"elementor elementor-5966 elementor-673\" data-elementor-post-type=\"page\">\n\t\t\t\t\t\t<section class=\"elementor-section elementor-top-section elementor-element elementor-element-d9ba75d elementor-section-boxed elementor-section-height-default elementor-section-height-default\" data-id=\"d9ba75d\" data-element_type=\"section\" data-settings=\"{&quot;ekit_has_onepagescroll_dot&quot;:&quot;yes&quot;}\">\n\t\t\t\t\t\t<div class=\"elementor-container elementor-column-gap-default\">\n\t\t\t\t\t<div class=\"elementor-column elementor-col-16 elementor-top-column elementor-element elementor-element-b1ed0d1\" data-id=\"b1ed0d1\" data-element_type=\"column\">\n\t\t\t<div class=\"elementor-widget-wrap\">\n\t\t\t\t\t\t\t<\/div>\n\t\t<\/div>\n\t\t\t\t<div class=\"elementor-column elementor-col-66 elementor-top-column elementor-element elementor-element-208b189\" data-id=\"208b189\" data-element_type=\"column\">\n\t\t\t<div class=\"elementor-widget-wrap elementor-element-populated\">\n\t\t\t\t\t\t<div class=\"elementor-element elementor-element-fc173f3 elementor-widget elementor-widget-text-editor\" data-id=\"fc173f3\" data-element_type=\"widget\" data-settings=\"{&quot;ekit_we_effect_on&quot;:&quot;none&quot;}\" data-widget_type=\"text-editor.default\">\n\t\t\t\t<div class=\"elementor-widget-container\">\n\t\t\t\t\t\t\t\t\t<h4>Somos una empresa emergente y esperamos crecer r\u00e1pido<\/h4>\n<p>\u00bfEres un trabajador de la hosteler\u00eda o conf\u00edas en las propinas?<\/p>\n<p>\u00bfEs un codificador con experiencia en el desarrollo de software de pago?<\/p>\n<p>\u00bfO simplemente cree en nuestra misi\u00f3n de cambiar el mundo de las propinas?<\/p>\n<p>Si es as\u00ed, no dude en<a href=\"contact\"> Cont\u00e1ctenos<\/a> .<\/p>\n\t\t\t\t\t\t\t\t<\/div>\n\t\t\t\t<\/div>\n\t\t\t\t<div class=\"elementor-element elementor-element-7b91fb5 elementor-widget elementor-widget-template\" data-id=\"7b91fb5\" data-element_type=\"widget\" data-settings=\"{&quot;ekit_we_effect_on&quot;:&quot;none&quot;}\" data-widget_type=\"template.default\">\n\t\t\t\t<div class=\"elementor-widget-container\">\n\t\t\t\t\t\t\t<div class=\"elementor-template\">\n\t\t\t\t\t<div data-elementor-type=\"section\" data-elementor-id=\"1270\" class=\"elementor elementor-1270\" data-elementor-post-type=\"elementor_library\">\n\t\t\t\t\t<section class=\"elementor-section elementor-top-section elementor-element elementor-element-a812323 elementor-section-boxed elementor-section-height-default elementor-section-height-default\" data-id=\"a812323\" data-element_type=\"section\" data-settings=\"{&quot;ekit_has_onepagescroll_dot&quot;:&quot;yes&quot;}\">\n\t\t\t\t\t\t<div class=\"elementor-container elementor-column-gap-default\">\n\t\t\t\t\t<div class=\"elementor-column elementor-col-100 elementor-top-column elementor-element elementor-element-dca16d3\" data-id=\"dca16d3\" data-element_type=\"column\">\n\t\t\t<div class=\"elementor-widget-wrap elementor-element-populated\">\n\t\t\t\t\t\t<div class=\"elementor-element elementor-element-e1bd132 elementor-widget elementor-widget-spacer\" data-id=\"e1bd132\" data-element_type=\"widget\" data-settings=\"{&quot;ekit_we_effect_on&quot;:&quot;none&quot;}\" data-widget_type=\"spacer.default\">\n\t\t\t\t<div class=\"elementor-widget-container\">\n\t\t\t\t\t\t\t<div class=\"elementor-spacer\">\n\t\t\t<div class=\"elementor-spacer-inner\"><\/div>\n\t\t<\/div>\n\t\t\t\t\t\t<\/div>\n\t\t\t\t<\/div>\n\t\t\t\t\t<\/div>\n\t\t<\/div>\n\t\t\t\t\t<\/div>\n\t\t<\/section>\n\t\t\t\t<\/div>\n\t\t\t\t<\/div>\n\t\t\t\t\t\t<\/div>\n\t\t\t\t<\/div>\n\t\t\t\t\t<\/div>\n\t\t<\/div>\n\t\t\t\t<div class=\"elementor-column elementor-col-16 elementor-top-column elementor-element elementor-element-abd4e47\" data-id=\"abd4e47\" data-element_type=\"column\">\n\t\t\t<div class=\"elementor-widget-wrap\">\n\t\t\t\t\t\t\t<\/div>\n\t\t<\/div>\n\t\t\t\t\t<\/div>\n\t\t<\/section>\n\t\t\t\t<\/div>\n\t\t","protected":false},"excerpt":{"rendered":"<p>Somos una empresa emergente y esperamos crecer r\u00e1pido \u00bfEres un trabajador de la hosteler\u00eda o conf\u00edas en las propinas? \u00bfEs un codificador con experiencia en el desarrollo de software de pago? \u00bfO simplemente cree en nuestra misi\u00f3n de cambiar el mundo de las propinas? Si es as\u00ed, no dude en Cont\u00e1ctenos .<\/p>\n","protected":false},"author":2,"featured_media":0,"parent":0,"menu_order":0,"comment_status":"closed","ping_status":"closed","template":"","meta":{"footnotes":""},"class_list":["post-5966","page","type-page","status-publish","hentry"],"yoast_head":"<!-- This site is optimized with the Yoast SEO plugin v27.2 - https:\/\/yoast.com\/product\/yoast-seo-wordpress\/ -->\n<title>Trabaja Para Nosotros - TiPJAR \u2013 Spanish<\/title>\n<meta name=\"description\" content=\"TiPJAR is the UK&#039;s leading cashless tipping platform, on a mission to help tipped workers across the globe earn more, fairly and transparently. \u2013 Spanish\" \/>\n<meta name=\"robots\" content=\"index, follow, max-snippet:-1, max-image-preview:large, max-video-preview:-1\" \/>\n<link rel=\"canonical\" href=\"https:\/\/www.wearetipjar.com\/es\/trabaja-para-nosotros\/\" \/>\n<meta property=\"og:locale\" content=\"es_ES\" \/>\n<meta property=\"og:type\" content=\"article\" \/>\n<meta property=\"og:title\" content=\"Trabaja Para Nosotros - TiPJAR\" \/>\n<meta property=\"og:description\" content=\"TiPJAR is the UK&#039;s leading cashless tipping platform, on a mission to help tipped workers across the globe earn more, fairly and transparently.\" \/>\n<meta property=\"og:url\" content=\"https:\/\/www.wearetipjar.com\/es\/trabaja-para-nosotros\/\" \/>\n<meta property=\"og:site_name\" content=\"TiPJAR\" \/>\n<meta property=\"article:modified_time\" content=\"2021-06-08T11:00:44+00:00\" \/>\n<meta property=\"og:image\" content=\"https:\/\/www.wearetipjar.com\/wp-content\/uploads\/social.jpg\" \/>\n\t<meta property=\"og:image:width\" content=\"1200\" \/>\n\t<meta property=\"og:image:height\" content=\"630\" \/>\n\t<meta property=\"og:image:type\" content=\"image\/jpeg\" \/>\n<meta name=\"twitter:card\" content=\"summary_large_image\" \/>\n<script type=\"application\/ld+json\" class=\"yoast-schema-graph\">{\"@context\":\"https:\/\/schema.org\",\"@graph\":[{\"@type\":\"WebPage\",\"@id\":\"https:\/\/www.wearetipjar.com\/es\/trabaja-para-nosotros\/\",\"url\":\"https:\/\/www.wearetipjar.com\/es\/trabaja-para-nosotros\/\",\"name\":\"Trabaja Para Nosotros - TiPJAR\",\"isPartOf\":{\"@id\":\"https:\/\/www.wearetipjar.com\/#website\"},\"datePublished\":\"2021-06-08T10:38:11+00:00\",\"dateModified\":\"2021-06-08T11:00:44+00:00\",\"description\":\"TiPJAR is the UK's leading cashless tipping platform, on a mission to help tipped workers across the globe earn more, fairly and transparently.\",\"breadcrumb\":{\"@id\":\"https:\/\/www.wearetipjar.com\/es\/trabaja-para-nosotros\/#breadcrumb\"},\"inLanguage\":\"es\",\"potentialAction\":[{\"@type\":\"ReadAction\",\"target\":[\"https:\/\/www.wearetipjar.com\/es\/trabaja-para-nosotros\/\"]}]},{\"@type\":\"BreadcrumbList\",\"@id\":\"https:\/\/www.wearetipjar.com\/es\/trabaja-para-nosotros\/#breadcrumb\",\"itemListElement\":[{\"@type\":\"ListItem\",\"position\":1,\"name\":\"Home\",\"item\":\"https:\/\/www.wearetipjar.com\/es\/\"},{\"@type\":\"ListItem\",\"position\":2,\"name\":\"Trabaja Para Nosotros\"}]},{\"@type\":\"WebSite\",\"@id\":\"https:\/\/www.wearetipjar.com\/#website\",\"url\":\"https:\/\/www.wearetipjar.com\/\",\"name\":\"TiPJAR\",\"description\":\"Fair, direct and transparent cashless tipping\",\"publisher\":{\"@id\":\"https:\/\/www.wearetipjar.com\/#organization\"},\"potentialAction\":[{\"@type\":\"SearchAction\",\"target\":{\"@type\":\"EntryPoint\",\"urlTemplate\":\"https:\/\/www.wearetipjar.com\/?s={search_term_string}\"},\"query-input\":{\"@type\":\"PropertyValueSpecification\",\"valueRequired\":true,\"valueName\":\"search_term_string\"}}],\"inLanguage\":\"es\"},{\"@type\":\"Organization\",\"@id\":\"https:\/\/www.wearetipjar.com\/#organization\",\"name\":\"TiPJAR\u00ae\",\"url\":\"https:\/\/www.wearetipjar.com\/\",\"logo\":{\"@type\":\"ImageObject\",\"inLanguage\":\"es\",\"@id\":\"https:\/\/www.wearetipjar.com\/#\/schema\/logo\/image\/\",\"url\":\"https:\/\/www.wearetipjar.com\/wp-content\/uploads\/Social-Logos-3-2.png\",\"contentUrl\":\"https:\/\/www.wearetipjar.com\/wp-content\/uploads\/Social-Logos-3-2.png\",\"width\":500,\"height\":500,\"caption\":\"TiPJAR\u00ae\"},\"image\":{\"@id\":\"https:\/\/www.wearetipjar.com\/#\/schema\/logo\/image\/\"}}]}<\/script>\n<!-- \/ Yoast SEO plugin. -->","yoast_head_json":{"title":"Trabaja Para Nosotros - TiPJAR \u2013 Spanish","description":"TiPJAR is the UK's leading cashless tipping platform, on a mission to help tipped workers across the globe earn more, fairly and transparently. \u2013 Spanish","robots":{"index":"index","follow":"follow","max-snippet":"max-snippet:-1","max-image-preview":"max-image-preview:large","max-video-preview":"max-video-preview:-1"},"canonical":"https:\/\/www.wearetipjar.com\/es\/trabaja-para-nosotros\/","og_locale":"es_ES","og_type":"article","og_title":"Trabaja Para Nosotros - TiPJAR","og_description":"TiPJAR is the UK's leading cashless tipping platform, on a mission to help tipped workers across the globe earn more, fairly and transparently.","og_url":"https:\/\/www.wearetipjar.com\/es\/trabaja-para-nosotros\/","og_site_name":"TiPJAR","article_modified_time":"2021-06-08T11:00:44+00:00","og_image":[{"width":1200,"height":630,"url":"https:\/\/www.wearetipjar.com\/wp-content\/uploads\/social.jpg","type":"image\/jpeg"}],"twitter_card":"summary_large_image","schema":{"@context":"https:\/\/schema.org","@graph":[{"@type":"WebPage","@id":"https:\/\/www.wearetipjar.com\/es\/trabaja-para-nosotros\/","url":"https:\/\/www.wearetipjar.com\/es\/trabaja-para-nosotros\/","name":"Trabaja Para Nosotros - TiPJAR","isPartOf":{"@id":"https:\/\/www.wearetipjar.com\/#website"},"datePublished":"2021-06-08T10:38:11+00:00","dateModified":"2021-06-08T11:00:44+00:00","description":"TiPJAR is the UK's leading cashless tipping platform, on a mission to help tipped workers across the globe earn more, fairly and transparently.","breadcrumb":{"@id":"https:\/\/www.wearetipjar.com\/es\/trabaja-para-nosotros\/#breadcrumb"},"inLanguage":"es","potentialAction":[{"@type":"ReadAction","target":["https:\/\/www.wearetipjar.com\/es\/trabaja-para-nosotros\/"]}]},{"@type":"BreadcrumbList","@id":"https:\/\/www.wearetipjar.com\/es\/trabaja-para-nosotros\/#breadcrumb","itemListElement":[{"@type":"ListItem","position":1,"name":"Home","item":"https:\/\/www.wearetipjar.com\/es\/"},{"@type":"ListItem","position":2,"name":"Trabaja Para Nosotros"}]},{"@type":"WebSite","@id":"https:\/\/www.wearetipjar.com\/#website","url":"https:\/\/www.wearetipjar.com\/","name":"TiPJAR","description":"Fair, direct and transparent cashless tipping","publisher":{"@id":"https:\/\/www.wearetipjar.com\/#organization"},"potentialAction":[{"@type":"SearchAction","target":{"@type":"EntryPoint","urlTemplate":"https:\/\/www.wearetipjar.com\/?s={search_term_string}"},"query-input":{"@type":"PropertyValueSpecification","valueRequired":true,"valueName":"search_term_string"}}],"inLanguage":"es"},{"@type":"Organization","@id":"https:\/\/www.wearetipjar.com\/#organization","name":"TiPJAR\u00ae","url":"https:\/\/www.wearetipjar.com\/","logo":{"@type":"ImageObject","inLanguage":"es","@id":"https:\/\/www.wearetipjar.com\/#\/schema\/logo\/image\/","url":"https:\/\/www.wearetipjar.com\/wp-content\/uploads\/Social-Logos-3-2.png","contentUrl":"https:\/\/www.wearetipjar.com\/wp-content\/uploads\/Social-Logos-3-2.png","width":500,"height":500,"caption":"TiPJAR\u00ae"},"image":{"@id":"https:\/\/www.wearetipjar.com\/#\/schema\/logo\/image\/"}}]}},"_links":{"self":[{"href":"https:\/\/www.wearetipjar.com\/es\/wp-json\/wp\/v2\/pages\/5966","targetHints":{"allow":["GET"]}}],"collection":[{"href":"https:\/\/www.wearetipjar.com\/es\/wp-json\/wp\/v2\/pages"}],"about":[{"href":"https:\/\/www.wearetipjar.com\/es\/wp-json\/wp\/v2\/types\/page"}],"author":[{"embeddable":true,"href":"https:\/\/www.wearetipjar.com\/es\/wp-json\/wp\/v2\/users\/2"}],"replies":[{"embeddable":true,"href":"https:\/\/www.wearetipjar.com\/es\/wp-json\/wp\/v2\/comments?post=5966"}],"version-history":[{"count":2,"href":"https:\/\/www.wearetipjar.com\/es\/wp-json\/wp\/v2\/pages\/5966\/revisions"}],"predecessor-version":[{"id":6115,"href":"https:\/\/www.wearetipjar.com\/es\/wp-json\/wp\/v2\/pages\/5966\/revisions\/6115"}],"wp:attachment":[{"href":"https:\/\/www.wearetipjar.com\/es\/wp-json\/wp\/v2\/media?parent=5966"}],"curies":[{"name":"wp","href":"https:\/\/api.w.org\/{rel}","templated":true}]}}