{"id":6062,"date":"2021-06-08T11:48:54","date_gmt":"2021-06-08T10:48:54","guid":{"rendered":"https:\/\/www.wearetipjar.com\/empresas\/inscribirse\/"},"modified":"2021-06-08T11:49:13","modified_gmt":"2021-06-08T10:49:13","slug":"inscribirse","status":"publish","type":"page","link":"https:\/\/www.wearetipjar.com\/es\/empresas\/inscribirse\/","title":{"rendered":"Inscribirse"},"content":{"rendered":"\t\t<div data-elementor-type=\"wp-page\" data-elementor-id=\"6062\" class=\"elementor elementor-6062 elementor-1334\" data-elementor-post-type=\"page\">\n\t\t\t\t\t\t<section class=\"elementor-section elementor-top-section elementor-element elementor-element-f26712a elementor-section-boxed elementor-section-height-default elementor-section-height-default\" data-id=\"f26712a\" data-element_type=\"section\" data-settings=\"{&quot;ekit_has_onepagescroll_dot&quot;:&quot;yes&quot;}\">\n\t\t\t\t\t\t<div class=\"elementor-container elementor-column-gap-default\">\n\t\t\t\t\t<div class=\"elementor-column elementor-col-16 elementor-top-column elementor-element elementor-element-4339811\" data-id=\"4339811\" data-element_type=\"column\">\n\t\t\t<div class=\"elementor-widget-wrap\">\n\t\t\t\t\t\t\t<\/div>\n\t\t<\/div>\n\t\t\t\t<div class=\"elementor-column elementor-col-66 elementor-top-column elementor-element elementor-element-9e7f985\" data-id=\"9e7f985\" data-element_type=\"column\">\n\t\t\t<div class=\"elementor-widget-wrap elementor-element-populated\">\n\t\t\t\t\t\t<div class=\"elementor-element elementor-element-1a823d0 elementor-widget elementor-widget-heading\" data-id=\"1a823d0\" data-element_type=\"widget\" data-settings=\"{&quot;ekit_we_effect_on&quot;:&quot;none&quot;}\" data-widget_type=\"heading.default\">\n\t\t\t\t<div class=\"elementor-widget-container\">\n\t\t\t\t\t<h1 class=\"elementor-heading-title elementor-size-default\">Reserve una demostraci\u00f3n<\/h1>\t\t\t\t<\/div>\n\t\t\t\t<\/div>\n\t\t\t\t<div class=\"elementor-element elementor-element-16e1766 elementor-widget elementor-widget-text-editor\" data-id=\"16e1766\" data-element_type=\"widget\" data-settings=\"{&quot;ekit_we_effect_on&quot;:&quot;none&quot;}\" data-widget_type=\"text-editor.default\">\n\t\t\t\t<div class=\"elementor-widget-container\">\n\t\t\t\t\t\t\t\t\t<p>Reg\u00edstrese en su plan Business TiPJAR ingresando sus datos a continuaci\u00f3n y nuestro equipo configurar\u00e1 su cuenta.<\/p>\n\t\t\t\t\t\t\t\t<\/div>\n\t\t\t\t<\/div>\n\t\t\t\t<div class=\"elementor-element elementor-element-e0259d0 elementor-widget elementor-widget-html\" data-id=\"e0259d0\" data-element_type=\"widget\" data-settings=\"{&quot;ekit_we_effect_on&quot;:&quot;none&quot;}\" data-widget_type=\"html.default\">\n\t\t\t\t<div class=\"elementor-widget-container\">\n\t\t\t\t\t<!--[if lte IE 8]>\n<script charset=\"utf-8\" type=\"text\/javascript\" src=\"\/\/js.hsforms.net\/forms\/v2-legacy.js\"><\/script>\n<![endif]-->\n<script charset=\"utf-8\" type=\"text\/javascript\" src=\"\/\/js.hsforms.net\/forms\/v2.js\"><\/script>\n<script>\n  hbspt.forms.create({\n\tregion: \"na1\",\n\tportalId: \"6921027\",\n\tformId: \"6b3ef37a-b9cb-4326-ac0d-510e1534bfe5\"\n});\n<\/script>\t\t\t\t<\/div>\n\t\t\t\t<\/div>\n\t\t\t\t<div class=\"elementor-element elementor-element-ae006b8 elementor-widget elementor-widget-template\" data-id=\"ae006b8\" data-element_type=\"widget\" data-settings=\"{&quot;ekit_we_effect_on&quot;:&quot;none&quot;}\" data-widget_type=\"template.default\">\n\t\t\t\t<div class=\"elementor-widget-container\">\n\t\t\t\t\t\t\t<div class=\"elementor-template\">\n\t\t\t\t\t<div data-elementor-type=\"section\" data-elementor-id=\"1282\" class=\"elementor elementor-1282\" data-elementor-post-type=\"elementor_library\">\n\t\t\t\t\t<section class=\"elementor-section elementor-top-section elementor-element elementor-element-bfa12e0 elementor-section-boxed elementor-section-height-default elementor-section-height-default\" data-id=\"bfa12e0\" data-element_type=\"section\" data-settings=\"{&quot;ekit_has_onepagescroll_dot&quot;:&quot;yes&quot;}\">\n\t\t\t\t\t\t<div class=\"elementor-container elementor-column-gap-default\">\n\t\t\t\t\t<div class=\"elementor-column elementor-col-100 elementor-top-column elementor-element elementor-element-fb28d16\" data-id=\"fb28d16\" data-element_type=\"column\">\n\t\t\t<div class=\"elementor-widget-wrap elementor-element-populated\">\n\t\t\t\t\t\t<div class=\"elementor-element elementor-element-417bee0 elementor-widget elementor-widget-spacer\" data-id=\"417bee0\" data-element_type=\"widget\" data-settings=\"{&quot;ekit_we_effect_on&quot;:&quot;none&quot;}\" data-widget_type=\"spacer.default\">\n\t\t\t\t<div class=\"elementor-widget-container\">\n\t\t\t\t\t\t\t<div class=\"elementor-spacer\">\n\t\t\t<div class=\"elementor-spacer-inner\"><\/div>\n\t\t<\/div>\n\t\t\t\t\t\t<\/div>\n\t\t\t\t<\/div>\n\t\t\t\t\t<\/div>\n\t\t<\/div>\n\t\t\t\t\t<\/div>\n\t\t<\/section>\n\t\t\t\t<\/div>\n\t\t\t\t<\/div>\n\t\t\t\t\t\t<\/div>\n\t\t\t\t<\/div>\n\t\t\t\t\t<\/div>\n\t\t<\/div>\n\t\t\t\t<div class=\"elementor-column elementor-col-16 elementor-top-column elementor-element elementor-element-1092439\" data-id=\"1092439\" data-element_type=\"column\">\n\t\t\t<div class=\"elementor-widget-wrap\">\n\t\t\t\t\t\t\t<\/div>\n\t\t<\/div>\n\t\t\t\t\t<\/div>\n\t\t<\/section>\n\t\t\t\t<\/div>\n\t\t","protected":false},"excerpt":{"rendered":"<p>Reserve una demostraci\u00f3n Reg\u00edstrese en su plan Business TiPJAR ingresando sus datos a continuaci\u00f3n y nuestro equipo configurar\u00e1 su cuenta.<\/p>\n","protected":false},"author":2,"featured_media":0,"parent":5909,"menu_order":0,"comment_status":"closed","ping_status":"closed","template":"","meta":{"footnotes":""},"class_list":["post-6062","page","type-page","status-publish","hentry"],"yoast_head":"<!-- This site is optimized with the Yoast SEO plugin v27.2 - https:\/\/yoast.com\/product\/yoast-seo-wordpress\/ -->\n<title>Inscribirse - TiPJAR \u2013 Spanish<\/title>\n<meta name=\"description\" content=\"TiPJAR is the UK&#039;s leading cashless tipping platform, on a mission to help tipped workers across the globe earn more, fairly and transparently. \u2013 Spanish\" \/>\n<meta name=\"robots\" content=\"index, follow, max-snippet:-1, max-image-preview:large, max-video-preview:-1\" \/>\n<link rel=\"canonical\" href=\"https:\/\/www.wearetipjar.com\/es\/empresas\/inscribirse\/\" \/>\n<meta property=\"og:locale\" content=\"es_ES\" \/>\n<meta property=\"og:type\" content=\"article\" \/>\n<meta property=\"og:title\" content=\"Inscribirse - TiPJAR\" \/>\n<meta property=\"og:description\" content=\"TiPJAR is the UK&#039;s leading cashless tipping platform, on a mission to help tipped workers across the globe earn more, fairly and transparently.\" \/>\n<meta property=\"og:url\" content=\"https:\/\/www.wearetipjar.com\/es\/empresas\/inscribirse\/\" \/>\n<meta property=\"og:site_name\" content=\"TiPJAR\" \/>\n<meta property=\"article:modified_time\" content=\"2021-06-08T10:49:13+00:00\" \/>\n<meta property=\"og:image\" content=\"https:\/\/www.wearetipjar.com\/wp-content\/uploads\/social.jpg\" \/>\n\t<meta property=\"og:image:width\" content=\"1200\" \/>\n\t<meta property=\"og:image:height\" content=\"630\" \/>\n\t<meta property=\"og:image:type\" content=\"image\/jpeg\" \/>\n<meta name=\"twitter:card\" content=\"summary_large_image\" \/>\n<script type=\"application\/ld+json\" class=\"yoast-schema-graph\">{\"@context\":\"https:\/\/schema.org\",\"@graph\":[{\"@type\":\"WebPage\",\"@id\":\"https:\/\/www.wearetipjar.com\/es\/empresas\/inscribirse\/\",\"url\":\"https:\/\/www.wearetipjar.com\/es\/empresas\/inscribirse\/\",\"name\":\"Inscribirse - TiPJAR\",\"isPartOf\":{\"@id\":\"https:\/\/www.wearetipjar.com\/#website\"},\"datePublished\":\"2021-06-08T10:48:54+00:00\",\"dateModified\":\"2021-06-08T10:49:13+00:00\",\"description\":\"TiPJAR is the UK's leading cashless tipping platform, on a mission to help tipped workers across the globe earn more, fairly and transparently.\",\"breadcrumb\":{\"@id\":\"https:\/\/www.wearetipjar.com\/es\/empresas\/inscribirse\/#breadcrumb\"},\"inLanguage\":\"es\",\"potentialAction\":[{\"@type\":\"ReadAction\",\"target\":[\"https:\/\/www.wearetipjar.com\/es\/empresas\/inscribirse\/\"]}]},{\"@type\":\"BreadcrumbList\",\"@id\":\"https:\/\/www.wearetipjar.com\/es\/empresas\/inscribirse\/#breadcrumb\",\"itemListElement\":[{\"@type\":\"ListItem\",\"position\":1,\"name\":\"Home\",\"item\":\"https:\/\/www.wearetipjar.com\/es\/\"},{\"@type\":\"ListItem\",\"position\":2,\"name\":\"TiPJAR Para Empresas\",\"item\":\"https:\/\/www.wearetipjar.com\/es\/\"},{\"@type\":\"ListItem\",\"position\":3,\"name\":\"Inscribirse\"}]},{\"@type\":\"WebSite\",\"@id\":\"https:\/\/www.wearetipjar.com\/#website\",\"url\":\"https:\/\/www.wearetipjar.com\/\",\"name\":\"TiPJAR\",\"description\":\"Fair, direct and transparent cashless tipping\",\"publisher\":{\"@id\":\"https:\/\/www.wearetipjar.com\/#organization\"},\"potentialAction\":[{\"@type\":\"SearchAction\",\"target\":{\"@type\":\"EntryPoint\",\"urlTemplate\":\"https:\/\/www.wearetipjar.com\/?s={search_term_string}\"},\"query-input\":{\"@type\":\"PropertyValueSpecification\",\"valueRequired\":true,\"valueName\":\"search_term_string\"}}],\"inLanguage\":\"es\"},{\"@type\":\"Organization\",\"@id\":\"https:\/\/www.wearetipjar.com\/#organization\",\"name\":\"TiPJAR\u00ae\",\"url\":\"https:\/\/www.wearetipjar.com\/\",\"logo\":{\"@type\":\"ImageObject\",\"inLanguage\":\"es\",\"@id\":\"https:\/\/www.wearetipjar.com\/#\/schema\/logo\/image\/\",\"url\":\"https:\/\/www.wearetipjar.com\/wp-content\/uploads\/Social-Logos-3-2.png\",\"contentUrl\":\"https:\/\/www.wearetipjar.com\/wp-content\/uploads\/Social-Logos-3-2.png\",\"width\":500,\"height\":500,\"caption\":\"TiPJAR\u00ae\"},\"image\":{\"@id\":\"https:\/\/www.wearetipjar.com\/#\/schema\/logo\/image\/\"}}]}<\/script>\n<!-- \/ Yoast SEO plugin. -->","yoast_head_json":{"title":"Inscribirse - TiPJAR \u2013 Spanish","description":"TiPJAR is the UK's leading cashless tipping platform, on a mission to help tipped workers across the globe earn more, fairly and transparently. \u2013 Spanish","robots":{"index":"index","follow":"follow","max-snippet":"max-snippet:-1","max-image-preview":"max-image-preview:large","max-video-preview":"max-video-preview:-1"},"canonical":"https:\/\/www.wearetipjar.com\/es\/empresas\/inscribirse\/","og_locale":"es_ES","og_type":"article","og_title":"Inscribirse - TiPJAR","og_description":"TiPJAR is the UK's leading cashless tipping platform, on a mission to help tipped workers across the globe earn more, fairly and transparently.","og_url":"https:\/\/www.wearetipjar.com\/es\/empresas\/inscribirse\/","og_site_name":"TiPJAR","article_modified_time":"2021-06-08T10:49:13+00:00","og_image":[{"width":1200,"height":630,"url":"https:\/\/www.wearetipjar.com\/wp-content\/uploads\/social.jpg","type":"image\/jpeg"}],"twitter_card":"summary_large_image","schema":{"@context":"https:\/\/schema.org","@graph":[{"@type":"WebPage","@id":"https:\/\/www.wearetipjar.com\/es\/empresas\/inscribirse\/","url":"https:\/\/www.wearetipjar.com\/es\/empresas\/inscribirse\/","name":"Inscribirse - TiPJAR","isPartOf":{"@id":"https:\/\/www.wearetipjar.com\/#website"},"datePublished":"2021-06-08T10:48:54+00:00","dateModified":"2021-06-08T10:49:13+00:00","description":"TiPJAR is the UK's leading cashless tipping platform, on a mission to help tipped workers across the globe earn more, fairly and transparently.","breadcrumb":{"@id":"https:\/\/www.wearetipjar.com\/es\/empresas\/inscribirse\/#breadcrumb"},"inLanguage":"es","potentialAction":[{"@type":"ReadAction","target":["https:\/\/www.wearetipjar.com\/es\/empresas\/inscribirse\/"]}]},{"@type":"BreadcrumbList","@id":"https:\/\/www.wearetipjar.com\/es\/empresas\/inscribirse\/#breadcrumb","itemListElement":[{"@type":"ListItem","position":1,"name":"Home","item":"https:\/\/www.wearetipjar.com\/es\/"},{"@type":"ListItem","position":2,"name":"TiPJAR Para Empresas","item":"https:\/\/www.wearetipjar.com\/es\/"},{"@type":"ListItem","position":3,"name":"Inscribirse"}]},{"@type":"WebSite","@id":"https:\/\/www.wearetipjar.com\/#website","url":"https:\/\/www.wearetipjar.com\/","name":"TiPJAR","description":"Fair, direct and transparent cashless tipping","publisher":{"@id":"https:\/\/www.wearetipjar.com\/#organization"},"potentialAction":[{"@type":"SearchAction","target":{"@type":"EntryPoint","urlTemplate":"https:\/\/www.wearetipjar.com\/?s={search_term_string}"},"query-input":{"@type":"PropertyValueSpecification","valueRequired":true,"valueName":"search_term_string"}}],"inLanguage":"es"},{"@type":"Organization","@id":"https:\/\/www.wearetipjar.com\/#organization","name":"TiPJAR\u00ae","url":"https:\/\/www.wearetipjar.com\/","logo":{"@type":"ImageObject","inLanguage":"es","@id":"https:\/\/www.wearetipjar.com\/#\/schema\/logo\/image\/","url":"https:\/\/www.wearetipjar.com\/wp-content\/uploads\/Social-Logos-3-2.png","contentUrl":"https:\/\/www.wearetipjar.com\/wp-content\/uploads\/Social-Logos-3-2.png","width":500,"height":500,"caption":"TiPJAR\u00ae"},"image":{"@id":"https:\/\/www.wearetipjar.com\/#\/schema\/logo\/image\/"}}]}},"_links":{"self":[{"href":"https:\/\/www.wearetipjar.com\/es\/wp-json\/wp\/v2\/pages\/6062","targetHints":{"allow":["GET"]}}],"collection":[{"href":"https:\/\/www.wearetipjar.com\/es\/wp-json\/wp\/v2\/pages"}],"about":[{"href":"https:\/\/www.wearetipjar.com\/es\/wp-json\/wp\/v2\/types\/page"}],"author":[{"embeddable":true,"href":"https:\/\/www.wearetipjar.com\/es\/wp-json\/wp\/v2\/users\/2"}],"replies":[{"embeddable":true,"href":"https:\/\/www.wearetipjar.com\/es\/wp-json\/wp\/v2\/comments?post=6062"}],"version-history":[{"count":1,"href":"https:\/\/www.wearetipjar.com\/es\/wp-json\/wp\/v2\/pages\/6062\/revisions"}],"predecessor-version":[{"id":6078,"href":"https:\/\/www.wearetipjar.com\/es\/wp-json\/wp\/v2\/pages\/6062\/revisions\/6078"}],"up":[{"embeddable":true,"href":"https:\/\/www.wearetipjar.com\/es\/wp-json\/wp\/v2\/pages\/5909"}],"wp:attachment":[{"href":"https:\/\/www.wearetipjar.com\/es\/wp-json\/wp\/v2\/media?parent=6062"}],"curies":[{"name":"wp","href":"https:\/\/api.w.org\/{rel}","templated":true}]}}